{"id":15614,"date":"2016-06-25T08:29:41","date_gmt":"2016-06-25T08:29:41","guid":{"rendered":"http:\/\/8theme.com\/import\/woopress\/demo\/?page_id=29"},"modified":"2020-01-28T15:10:25","modified_gmt":"2020-01-28T15:10:25","slug":"na-kontaktoni","status":"publish","type":"page","link":"https:\/\/matildakonfeksion.com\/en\/na-kontaktoni\/","title":{"rendered":"Na kontaktoni"},"content":{"rendered":"<p><\/p>\n<p>[vc_row full_width=&#8221;stretch_row_content_no_spaces&#8221;][vc_column][vc_empty_space height=&#8221;40px&#8221;][\/vc_column][\/vc_row][vc_row css=&#8221;.vc_custom_1465892306115{margin-top: -30px !important;}&#8221;][vc_column][vc_gmaps link=&#8221;#E-8_JTNDaWZyYW1lJTIwc3JjJTNEJTIyaHR0cHMlM0ElMkYlMkZ3d3cuZ29vZ2xlLmNvbSUyRm1hcHMlMkZlbWJlZCUzRnBiJTNEJTIxMW0xOCUyMTFtMTIlMjExbTMlMjExZDc0OS4wNDI1MTcxOTU5NzkxJTIxMmQxOS44MjY1MTcyMDAwNDc1MSUyMTNkNDEuMzI2OTE1MDcwMTY1NTQlMjEybTMlMjExZjAlMjEyZjAlMjEzZjAlMjEzbTIlMjExaTEwMjQlMjEyaTc2OCUyMTRmMTMuMSUyMTNtMyUyMTFtMiUyMTFzMHgxMzUwMzExNzc2MDAzNzBiJTI1M0EweDM3OTIzNTkwOTM2YzI5NWYlMjEyc01hdGlsZGElMkJLb25mZWtzaW9uJTIxNWUwJTIxM20yJTIxMXNzcSUyMTJzJTIxNHYxNTY1MTgxNTc0NjY5JTIxNW0yJTIxMXNzcSUyMTJzJTIyJTIwd2lkdGglM0QlMjI2MDAlMjIlMjBoZWlnaHQlM0QlMjI0NTAlMjIlMjBmcmFtZWJvcmRlciUzRCUyMjAlMjIlMjBzdHlsZSUzRCUyMmJvcmRlciUzQTAlMjIlMjBhbGxvd2Z1bGxzY3JlZW4lM0UlM0MlMkZpZnJhbWUlM0U=&#8221; size=&#8221;400px&#8221;][\/vc_column][\/vc_row][vc_row][vc_column][vc_text_separator title=&#8221;Na kontaktoni&#8221; i_icon_fontawesome=&#8221;fa fa-envelope&#8221; i_color=&#8221;custom&#8221; title_align=&#8221;separator_align_left&#8221; color=&#8221;black&#8221; add_icon=&#8221;true&#8221; i_custom_color=&#8221;#43b534&#8243;][\/vc_column][\/vc_row][vc_row][vc_column width=&#8221;1\/2&#8243;][vc_column_text]<div role=\"form\" class=\"wpcf7\" id=\"wpcf7-f55-o2\" lang=\"en-US\" dir=\"ltr\">\n<div class=\"screen-reader-response\"><\/div>\n<form action=\"\/en\/wp-json\/wp\/v2\/pages\/15614#wpcf7-f55-o2\" method=\"post\" class=\"wpcf7-form\" novalidate=\"novalidate\">\n<div style=\"display: none;\">\n<input type=\"hidden\" name=\"_wpcf7\" value=\"55\" \/>\n<input type=\"hidden\" name=\"_wpcf7_version\" value=\"5.1.3\" \/>\n<input type=\"hidden\" name=\"_wpcf7_locale\" value=\"en_US\" \/>\n<input type=\"hidden\" name=\"_wpcf7_unit_tag\" value=\"wpcf7-f55-o2\" \/>\n<input type=\"hidden\" name=\"_wpcf7_container_post\" value=\"0\" \/>\n<\/div>\n<p><label> Em\u00ebr Mbiem\u00ebr *<br \/>\n    <span class=\"wpcf7-form-control-wrap your-name\"><input type=\"text\" name=\"your-name\" value=\"\" size=\"40\" class=\"wpcf7-form-control wpcf7-text wpcf7-validates-as-required\" aria-required=\"true\" aria-invalid=\"false\" \/><\/span> <\/label><\/p>\n<p><label> Adresa e e-mailit *<br \/>\n    <span class=\"wpcf7-form-control-wrap your-email\"><input type=\"email\" name=\"your-email\" value=\"\" size=\"40\" class=\"wpcf7-form-control wpcf7-text wpcf7-email wpcf7-validates-as-required wpcf7-validates-as-email\" aria-required=\"true\" aria-invalid=\"false\" \/><\/span> <\/label><\/p>\n<p><label> Mesazhi juaj<br \/>\n    <span class=\"wpcf7-form-control-wrap your-message\"><textarea name=\"your-message\" cols=\"40\" rows=\"10\" class=\"wpcf7-form-control wpcf7-textarea\" aria-invalid=\"false\"><\/textarea><\/span> <\/label><\/p>\n<p><input type=\"submit\" value=\"D\u00ebrgo\" class=\"wpcf7-form-control wpcf7-submit\" \/><\/p>\n<div class=\"wpcf7-response-output wpcf7-display-none\"><\/div><\/form><\/div>[\/vc_column_text][\/vc_column][vc_column width=&#8221;1\/2&#8243; css=&#8221;.vc_custom_1565291619762{border-radius: 5px !important;}&#8221;][vc_column_text]<\/p>\n<p style=\"text-align: justify; font-size: 16px;\"><span style=\"color: white;\">Jemi gjithmon\u00eb gati p\u00ebr t&#8217;ju p\u00ebrgjigjur nevojave tuaja. Mund t\u00eb na kontaktoni duke l\u00ebn\u00eb nj\u00eb mesazh, duke na kontaktuar n\u00eb rrjetet tona sociale ose duke komunikuar drejtp\u00ebrdrejt\u00eb me menaxher\u00ebt tan\u00eb! Faleminderit q\u00eb na vizituat!<\/span><\/p>\n<p>[\/vc_column_text][vc_row_inner][vc_column_inner width=&#8221;1\/2&#8243;][vc_column_text]<\/p>\n<h4 style=\"text-align: center;\"><span style=\"color: #ffffff;\"><strong>Eno Dakaj<\/strong><\/span><\/h4>\n<h5 style=\"text-align: center;\">MENAXHER SHITJESH<\/h5>\n<p style=\"text-align: center;\">Cel: +355 67 604 2434<\/p>\n<p>[\/vc_column_text][\/vc_column_inner][vc_column_inner width=&#8221;1\/2&#8243;][vc_column_text]<\/p>\n<p style=\"text-align: center;\"><span style=\"color: #ffffff;\"><img loading=\"lazy\" decoding=\"async\" class=\"alignnone wp-image-18976\" src=\"http:\/\/matildakonfeksion.com\/wp-content\/uploads\/2019\/08\/shigjeta.png\" alt=\"\" width=\"20\" height=\"20\" \/> Adresa:\u00a0<span class=\"_2iem\">Rruga Shyqyri Ishmi.\u00a0<\/span><span class=\"_2iem\">Tirana, Albania<\/span><\/span><\/p>\n<p style=\"text-align: center;\"><span style=\"color: #ffffff;\"><\/span><\/p>\n<p style=\"text-align: center;\"><span style=\"color: #ffffff;\">E-mail: <u><a style=\"color: #ffffff;\" href=\"mailto:matildakonfeksion@yahoo.com\">matildakonfeksion@yahoo.com<\/a><\/u><\/span><\/p>\n<p style=\"text-align: center;\"><span style=\"color: #ffffff;\">Facebook: <u><a style=\"color: #ffffff;\" href=\"https:\/\/www.facebook.com\/matildakonfeksion.uniforma\/?epa=SEARCH_BOX\"> Matilda Konfeksion<\/a><\/u><\/span><\/p>\n<p>[\/vc_column_text][\/vc_column_inner][\/vc_row_inner][\/vc_column][\/vc_row]<\/p>\n<p><\/p>","protected":false},"excerpt":{"rendered":"<p>&#8230;<\/p>\n","protected":false},"author":1,"featured_media":0,"parent":0,"menu_order":0,"comment_status":"closed","ping_status":"closed","template":"","meta":{"footnotes":""},"class_list":["post-15614","page","type-page","status-publish","hentry"],"_links":{"self":[{"href":"https:\/\/matildakonfeksion.com\/en\/wp-json\/wp\/v2\/pages\/15614"}],"collection":[{"href":"https:\/\/matildakonfeksion.com\/en\/wp-json\/wp\/v2\/pages"}],"about":[{"href":"https:\/\/matildakonfeksion.com\/en\/wp-json\/wp\/v2\/types\/page"}],"author":[{"embeddable":true,"href":"https:\/\/matildakonfeksion.com\/en\/wp-json\/wp\/v2\/users\/1"}],"replies":[{"embeddable":true,"href":"https:\/\/matildakonfeksion.com\/en\/wp-json\/wp\/v2\/comments?post=15614"}],"version-history":[{"count":18,"href":"https:\/\/matildakonfeksion.com\/en\/wp-json\/wp\/v2\/pages\/15614\/revisions"}],"predecessor-version":[{"id":19073,"href":"https:\/\/matildakonfeksion.com\/en\/wp-json\/wp\/v2\/pages\/15614\/revisions\/19073"}],"wp:attachment":[{"href":"https:\/\/matildakonfeksion.com\/en\/wp-json\/wp\/v2\/media?parent=15614"}],"curies":[{"name":"wp","href":"https:\/\/api.w.org\/{rel}","templated":true}]}}