{"id":16515,"date":"2015-02-03T16:20:49","date_gmt":"2015-02-03T16:20:49","guid":{"rendered":"http:\/\/8theme.com\/demo\/woopress\/parallax\/?page_id=16515"},"modified":"2020-02-10T09:49:20","modified_gmt":"2020-02-10T08:49:20","slug":"parallax","status":"publish","type":"page","link":"https:\/\/matildakonfeksion.com\/en\/","title":{"rendered":"Matilda Konfeksion"},"content":{"rendered":"<p>[vc_row full_width=&#8221;stretch_row_content&#8221; css=&#8221;.vc_custom_1565184415677{padding-right: 100px !important;padding-left: 100px !important;}&#8221;][vc_column][vc_text_separator title=&#8221;Produktet&#8221; color=&#8221;white&#8221;][vc_empty_space height=&#8221;20px&#8221;]<div class=\"categoriesCarousel  row slider-3490\"><div class=\"col-lg-3 col-sm-4 category-grid product-category product first\">\r\n\t\r\n\t<a href=\"https:\/\/matildakonfeksion.com\/en\/product-category\/bare-dhe-pasticeri\/\">\r\n\r\n\t\t\t\t<div class=\"categories-mask\">\r\n\t\t\t<span>Category<\/span>\r\n\t\t\t<h4>Bare dhe pasticeri<\/h4>\r\n\t\t\t\t\t\t<span class=\"more\">Read More<\/span>\r\n\t\t<\/div>\r\n\r\n\r\n\t<\/a>\r\n\r\n\t\r\n<\/div>\r\n<div class=\"col-lg-3 col-sm-4 category-grid product-category product\">\r\n\t\r\n\t<a href=\"https:\/\/matildakonfeksion.com\/en\/product-category\/kapele\/\">\r\n\r\n\t\t\t\t<div class=\"categories-mask\">\r\n\t\t\t<span>Category<\/span>\r\n\t\t\t<h4>Kapele<\/h4>\r\n\t\t\t\t\t\t<span class=\"more\">Read More<\/span>\r\n\t\t<\/div>\r\n\r\n\r\n\t<\/a>\r\n\r\n\t\r\n<\/div>\r\n<div class=\"col-lg-3 col-sm-4 category-grid product-category product\">\r\n\t\r\n\t<a href=\"https:\/\/matildakonfeksion.com\/en\/product-category\/mjekesi\/\">\r\n\r\n\t\t\t\t<div class=\"categories-mask\">\r\n\t\t\t<span>Category<\/span>\r\n\t\t\t<h4>Mjek\u00ebsi<\/h4>\r\n\t\t\t\t\t\t<span class=\"more\">Read More<\/span>\r\n\t\t<\/div>\r\n\r\n\r\n\t<\/a>\r\n\r\n\t\r\n<\/div>\r\n<div class=\"col-lg-3 col-sm-4 category-grid product-category product last\">\r\n\t\r\n\t<a href=\"https:\/\/matildakonfeksion.com\/en\/product-category\/restorante\/\">\r\n\r\n\t\t\t\t<div class=\"categories-mask\">\r\n\t\t\t<span>Category<\/span>\r\n\t\t\t<h4>Restorante<\/h4>\r\n\t\t\t\t\t\t<span class=\"more\">Read More<\/span>\r\n\t\t<\/div>\r\n\r\n\r\n\t<\/a>\r\n\r\n\t\r\n<\/div>\r\n<\/div>[\/vc_column][\/vc_row][vc_row full_width=&#8221;stretch_row_content&#8221; equal_height=&#8221;yes&#8221; css=&#8221;.vc_custom_1565276785998{background: #ffffff url(http:\/\/matildakonfeksion.com\/wp-content\/uploads\/2019\/08\/Webp.net-resizeimage-1-1.jpg?id=18996) !important;}&#8221;][vc_column width=&#8221;1\/2&#8243;][vc_video popup=&#8221;yes&#8221; link=&#8221;http:\/\/matildakonfeksion.com\/wp-content\/uploads\/2019\/08\/getfvid_51137992_322707485117910_7472835768931581952_n.mp4&#8243; img=&#8221;18931&#8243; img_size=&#8221;670&#8243;][\/vc_column][vc_column width=&#8221;1\/2&#8243;][vc_empty_space height=&#8221;102px&#8221;][vc_column_text]<\/p>\n<h3 style=\"text-align: center;\"><span style=\"color: #008000;\"><img loading=\"lazy\" decoding=\"async\" class=\"alignnone wp-image-18970\" src=\"http:\/\/matildakonfeksion.com\/wp-content\/uploads\/2019\/08\/gjilp.png\" alt=\"\" width=\"40\" height=\"40\" \/>\u00a0 \u00a0 Rreth Nesh<\/span><\/h3>\n<p>[\/vc_column_text][vc_empty_space][vc_column_text]<\/p>\n<p style=\"text-align: justify; background-color: rgb(255,255,255,0.7); font-size: 18px;\"><span style=\"color: #000000;\">Me nj\u00eb eksperienc\u00eb prej 19 vitesh n\u00eb tregun e konfeksioneve, Matilda Konfeksion \u00ebsht\u00eb e specializuar n\u00eb prodhimin e uniformave profesionale t\u00eb pun\u00ebs. Kompania jon\u00eb ofron veshje profesionale p\u00ebr: Hoteleri, Bare, Restorante, Sh\u00ebndet\u00ebsin\u00eb, Estetik\u00ebn si dhe p\u00ebr Industrin\u00eb. Ne ofrojm\u00eb nj\u00eb gam\u00eb t\u00eb gjer\u00eb produktesh t\u00eb p\u00ebrshtatura sipas k\u00ebrkesave t\u00eb klient\u00ebve.<\/span><\/p>\n<p>[\/vc_column_text][\/vc_column][\/vc_row][vc_row][vc_column][vc_empty_space height=&#8221;50px&#8221;][vc_column_text]<\/p>\n<h3 style=\"text-align: center;\"><img loading=\"lazy\" decoding=\"async\" class=\"size-full wp-image-18965 alignnone\" src=\"http:\/\/matildakonfeksion.com\/wp-content\/uploads\/2019\/08\/kopsa.png\" alt=\"\" width=\"50\" height=\"50\" \/> \u00a0<span style=\"color: white;\">Klient\u00ebt tan\u00eb<\/span><\/h3>\n<p>[\/vc_column_text][\/vc_column][\/vc_row][vc_row][vc_column][vc_empty_space height=&#8221;20px&#8221;]<div id=\"ult-carousel-53223095369dac6ea91b8c\" class=\"ult-carousel-wrapper   ult_horizontal\" data-gutter=\"15\" data-rtl=\"false\" ><div class=\"ult-carousel-66984243169dac6ea91b76 \" >[vc_single_image image=&#8221;18854&#8243; img_size=&#8221;200&#215;110&#8243;][vc_single_image image=&#8221;18855&#8243; img_size=&#8221;200&#215;110&#8243;][vc_single_image image=&#8221;18856&#8243; img_size=&#8221;200&#215;110&#8243;][vc_single_image image=&#8221;18859&#8243; img_size=&#8221;200&#215;110&#8243;][vc_single_image image=&#8221;18860&#8243; img_size=&#8221;200&#215;110&#8243;][vc_single_image image=&#8221;18861&#8243; img_size=&#8221;200&#215;110&#8243;][vc_single_image image=&#8221;18862&#8243; img_size=&#8221;200&#215;110&#8243;][vc_single_image image=&#8221;18864&#8243; img_size=&#8221;200&#215;110&#8243;][vc_single_image image=&#8221;18865&#8243; img_size=&#8221;200&#215;110&#8243;][vc_single_image image=&#8221;18866&#8243; img_size=&#8221;200&#215;110&#8243;][vc_single_image image=&#8221;18867&#8243; img_size=&#8221;200&#215;110&#8243;][vc_single_image image=&#8221;18868&#8243; img_size=&#8221;200&#215;110&#8243;][vc_single_image image=&#8221;18869&#8243; img_size=&#8221;200&#215;110&#8243;][vc_single_image image=&#8221;18937&#8243; img_size=&#8221;200&#215;110&#8243;][vc_single_image image=&#8221;18939&#8243; img_size=&#8221;200&#215;110&#8243;][vc_single_image image=&#8221;18940&#8243; img_size=&#8221;200&#215;110&#8243;][vc_single_image image=&#8221;18942&#8243; img_size=&#8221;200&#215;110&#8243;][vc_single_image image=&#8221;18944&#8243; img_size=&#8221;200&#215;110&#8243;][vc_single_image image=&#8221;18945&#8243; img_size=&#8221;200&#215;110&#8243;]<\/div><\/div>\t\t\t<script type=\"text\/javascript\">\r\n\t\t\t\tjQuery(document).ready(function ($) {\r\n\t\t\t\t\tif( typeof jQuery('.ult-carousel-66984243169dac6ea91b76').slick == \"function\"){\r\n\t\t\t\t\t\t$('.ult-carousel-66984243169dac6ea91b76').slick({dots: true,autoplay: true,autoplaySpeed: 5000,speed: 300,infinite: true,arrows: true,nextArrow: '<button type=\"button\" role=\"button\" aria-label=\"Next\" style=\"color:#333333; font-size:20px;\" class=\"slick-next default\"><i class=\"ultsl-arrow-right4\"><\/i><\/button>',prevArrow: '<button type=\"button\" role=\"button\" aria-label=\"Previous\" style=\"color:#333333; font-size:20px;\" class=\"slick-prev default\"><i class=\"ultsl-arrow-left4\"><\/i><\/button>',slidesToScroll:5,slidesToShow:5,swipe: true,draggable: true,touchMove: true,pauseOnHover: true,pauseOnFocus: false,responsive: [\r\n\t\t\t\t\t\t\t{\r\n\t\t\t\t\t\t\t  breakpoint: 1025,\r\n\t\t\t\t\t\t\t  settings: {\r\n\t\t\t\t\t\t\t\tslidesToShow: 5,\r\n\t\t\t\t\t\t\t\tslidesToScroll: 5,  \r\n\t\t\t\t\t\t\t  }\r\n\t\t\t\t\t\t\t},\r\n\t\t\t\t\t\t\t{\r\n\t\t\t\t\t\t\t  breakpoint: 769,\r\n\t\t\t\t\t\t\t  settings: {\r\n\t\t\t\t\t\t\t\tslidesToShow: 3,\r\n\t\t\t\t\t\t\t\tslidesToScroll: 3\r\n\t\t\t\t\t\t\t  }\r\n\t\t\t\t\t\t\t},\r\n\t\t\t\t\t\t\t{\r\n\t\t\t\t\t\t\t  breakpoint: 481,\r\n\t\t\t\t\t\t\t  settings: {\r\n\t\t\t\t\t\t\t\tslidesToShow: 2,\r\n\t\t\t\t\t\t\t\tslidesToScroll: 2\r\n\t\t\t\t\t\t\t  }\r\n\t\t\t\t\t\t\t}\r\n\t\t\t\t\t\t],pauseOnDotsHover: true,customPaging: function(slider, i) {\r\n                   return '<i type=\"button\" style= \"color:#333333;\" class=\"ultsl-record\" data-role=\"none\"><\/i>';\r\n                },});\r\n\t\t\t\t\t}\r\n\t\t\t\t});\r\n\t\t\t<\/script>\r\n\t\t\t[\/vc_column][\/vc_row][vc_row full_width=&#8221;stretch_row&#8221; css=&#8221;.vc_custom_1565339672694{background-color: #24282e !important;}&#8221;][vc_column][vc_row_inner][vc_column_inner width=&#8221;1\/4&#8243;][vc_column_text]<\/p>\n<h4 style=\"text-align: center;\"><span style=\"color: #008000;\"><strong><img loading=\"lazy\" decoding=\"async\" class=\"alignnone wp-image-18959\" src=\"http:\/\/matildakonfeksion.com\/wp-content\/uploads\/2019\/08\/gershere.png\" alt=\"\" width=\"40\" height=\"40\" \/>\u00a0 \u00a0 \u00a0 \u00a0Menu\u00a0 \u00a0 \u00a0 \u00a0 \u00a0 \u00a0<\/strong><\/span><\/h4>\n<p style=\"text-align: center;\"><span style=\"color: #ffffff;\"><img loading=\"lazy\" decoding=\"async\" class=\"alignnone wp-image-18976\" src=\"http:\/\/matildakonfeksion.com\/wp-content\/uploads\/2019\/08\/shigjeta.png\" alt=\"\" width=\"20\" height=\"20\" \/>\u00a0 \u00a0 \u00a0 \u00a0 \u00a0 <a style=\"color: #ffffff;\" href=\"http:\/\/matildakonfeksion.com\/\">Home\u00a0 \u00a0 \u00a0 \u00a0 <\/a><\/span><\/p>\n<p style=\"text-align: center;\"><span style=\"color: #ffffff;\"><a style=\"color: #ffffff;\" href=\"http:\/\/matildakonfeksion.com\/rreth-nesh\/\"><img loading=\"lazy\" decoding=\"async\" class=\"alignnone wp-image-18976\" src=\"http:\/\/matildakonfeksion.com\/wp-content\/uploads\/2019\/08\/shigjeta.png\" alt=\"\" width=\"20\" height=\"20\" \/>\u00a0 \u00a0 \u00a0Rreth Nesh\u00a0\u00a0\u00a0\u00a0<\/a><\/span><\/p>\n<p style=\"text-align: center;\"><span style=\"color: #ffffff;\"><a style=\"color: #ffffff;\" href=\"http:\/\/matildakonfeksion.com\/shop\/\"><img loading=\"lazy\" decoding=\"async\" class=\"alignnone wp-image-18976\" src=\"http:\/\/matildakonfeksion.com\/wp-content\/uploads\/2019\/08\/shigjeta.png\" alt=\"\" width=\"20\" height=\"20\" \/>\u00a0 Produktet Tona<\/a><\/span><\/p>\n<p style=\"text-align: center;\"><span style=\"color: #ffffff;\"><a style=\"color: #ffffff;\" href=\"http:\/\/matildakonfeksion.com\/contact-us\/\"><img loading=\"lazy\" decoding=\"async\" class=\"alignnone wp-image-18976\" src=\"http:\/\/matildakonfeksion.com\/wp-content\/uploads\/2019\/08\/shigjeta.png\" alt=\"\" width=\"20\" height=\"20\" \/>\u00a0 \u00a0Na Kontaktoni<\/a><\/span><\/p>\n<p>[\/vc_column_text][\/vc_column_inner][vc_column_inner width=&#8221;1\/4&#8243;][vc_column_text]<\/p>\n<h4 style=\"text-align: center;\"><span style=\"color: #008000;\"><strong><img loading=\"lazy\" decoding=\"async\" class=\"alignnone wp-image-18961\" src=\"http:\/\/matildakonfeksion.com\/wp-content\/uploads\/2019\/08\/makina.png\" alt=\"\" width=\"40\" height=\"40\" \/>\u00a0 \u00a0 \u00a0PRODUKTET\u00a0 \u00a0 \u00a0 \u00a0 \u00a0\u00a0<\/strong><\/span><\/h4>\n<p style=\"text-align: center;\"><span style=\"color: #ffffff;\"><a style=\"color: #ffffff;\" href=\"http:\/\/matildakonfeksion.com\/product-category\/perparese\/\"><img loading=\"lazy\" decoding=\"async\" class=\"alignnone wp-image-18976\" src=\"http:\/\/matildakonfeksion.com\/wp-content\/uploads\/2019\/08\/shigjeta.png\" alt=\"\" width=\"20\" height=\"20\" \/>\u00a0 P\u00ebrpar\u00ebse<\/a><\/span><\/p>\n<p style=\"text-align: center;\"><span style=\"color: #ffffff;\"><img loading=\"lazy\" decoding=\"async\" class=\"alignnone wp-image-18976\" src=\"http:\/\/matildakonfeksion.com\/wp-content\/uploads\/2019\/08\/shigjeta.png\" alt=\"\" width=\"20\" height=\"20\" \/> \u00a0\u00a0 \u00a0<a style=\"color: #ffffff;\" href=\"http:\/\/matildakonfeksion.com\/product-category\/bluza\/\">Bluza\u00a0\u00a0\u00a0\u00a0\u00a0<\/a><\/span><\/p>\n<p style=\"text-align: center;\"><span style=\"color: #ffffff;\"><a style=\"color: #ffffff;\" href=\"http:\/\/matildakonfeksion.com\/product-category\/uniforma\/\"><img loading=\"lazy\" decoding=\"async\" class=\"alignnone wp-image-18976\" src=\"http:\/\/matildakonfeksion.com\/wp-content\/uploads\/2019\/08\/shigjeta.png\" alt=\"\" width=\"20\" height=\"20\" \/>\u00a0 Uniforma\u00a0<\/a><\/span><\/p>\n<p style=\"text-align: center;\"><span style=\"color: #ffffff;\"><a style=\"color: #ffffff;\" href=\"http:\/\/matildakonfeksion.com\/product-category\/kapuc\/\"><img loading=\"lazy\" decoding=\"async\" class=\"alignnone wp-image-18976\" src=\"http:\/\/matildakonfeksion.com\/wp-content\/uploads\/2019\/08\/shigjeta.png\" alt=\"\" width=\"20\" height=\"20\" \/>\u00a0 \u00a0Kapu\u00e7a<\/a>\u00a0 \u00a0<\/span><\/p>\n<p>[\/vc_column_text][\/vc_column_inner][vc_column_inner width=&#8221;1\/4&#8243;][vc_column_text]<\/p>\n<h4 style=\"text-align: center;\"><strong><span style=\"color: #008000;\"><img loading=\"lazy\" decoding=\"async\" class=\"alignnone wp-image-18962\" src=\"http:\/\/matildakonfeksion.com\/wp-content\/uploads\/2019\/08\/karfica.png\" alt=\"\" width=\"35\" height=\"35\" \/>\u00a0 \u00a0 \u00a0 Kujdes\u00a0 \u00a0 \u00a0 \u00a0<\/span><\/strong><\/h4>\n<p style=\"text-align: center;\"><a href=\"http:\/\/matildakonfeksion.com\/2019\/08\/08\/politikat-e-privatesise\/\"><span style=\"color: #ffffff;\"><img loading=\"lazy\" decoding=\"async\" class=\"alignnone wp-image-18976\" src=\"http:\/\/matildakonfeksion.com\/wp-content\/uploads\/2019\/08\/shigjeta.png\" alt=\"\" width=\"20\" height=\"20\" \/>\u00a0 Politikat e Privat\u00ebsis\u00eb<\/span><\/a><\/p>\n<p>[\/vc_column_text][\/vc_column_inner][vc_column_inner width=&#8221;1\/4&#8243;][vc_column_text]<\/p>\n<h4 style=\"text-align: center;\"><span style=\"color: #008000;\"><img loading=\"lazy\" decoding=\"async\" class=\"alignnone wp-image-18963\" src=\"http:\/\/matildakonfeksion.com\/wp-content\/uploads\/2019\/08\/call.png\" alt=\"\" width=\"40\" height=\"40\" \/>\u00a0 \u00a0 \u00a0 Na kontaktoni:\u00a0 \u00a0 \u00a0 \u00a0<\/span><\/h4>\n<p style=\"text-align: center;\"><span style=\"color: #ffffff;\"><img loading=\"lazy\" decoding=\"async\" class=\"alignnone wp-image-18976\" src=\"http:\/\/matildakonfeksion.com\/wp-content\/uploads\/2019\/08\/shigjeta.png\" alt=\"\" width=\"20\" height=\"20\" \/> Adresa:\u00a0<span class=\"_2iem\">Rruga Shyqyri Ishmi.\u00a0<\/span><span class=\"_2iem\">Tirana, Albania<\/span><\/span><\/p>\n<p style=\"text-align: center;\"><span style=\"color: #ffffff;\">Cel: +355 67 604 2434<\/span><\/p>\n<p style=\"text-align: center;\"><span style=\"color: #ffffff;\">E-mail: matildakonfeksion@yahoo.com<\/span><\/p>\n<p style=\"text-align: center;\"><strong>\u00a9 Matilda Konfeksion<\/strong><\/p>\n<p>[\/vc_column_text][\/vc_column_inner][\/vc_row_inner][\/vc_column][\/vc_row]<\/p>","protected":false},"excerpt":{"rendered":"<p>&#8230;<\/p>\n","protected":false},"author":1,"featured_media":0,"parent":0,"menu_order":0,"comment_status":"open","ping_status":"open","template":"","meta":{"footnotes":""},"class_list":["post-16515","page","type-page","status-publish","hentry"],"_links":{"self":[{"href":"https:\/\/matildakonfeksion.com\/en\/wp-json\/wp\/v2\/pages\/16515"}],"collection":[{"href":"https:\/\/matildakonfeksion.com\/en\/wp-json\/wp\/v2\/pages"}],"about":[{"href":"https:\/\/matildakonfeksion.com\/en\/wp-json\/wp\/v2\/types\/page"}],"author":[{"embeddable":true,"href":"https:\/\/matildakonfeksion.com\/en\/wp-json\/wp\/v2\/users\/1"}],"replies":[{"embeddable":true,"href":"https:\/\/matildakonfeksion.com\/en\/wp-json\/wp\/v2\/comments?post=16515"}],"version-history":[{"count":89,"href":"https:\/\/matildakonfeksion.com\/en\/wp-json\/wp\/v2\/pages\/16515\/revisions"}],"predecessor-version":[{"id":19458,"href":"https:\/\/matildakonfeksion.com\/en\/wp-json\/wp\/v2\/pages\/16515\/revisions\/19458"}],"wp:attachment":[{"href":"https:\/\/matildakonfeksion.com\/en\/wp-json\/wp\/v2\/media?parent=16515"}],"curies":[{"name":"wp","href":"https:\/\/api.w.org\/{rel}","templated":true}]}}