{"id":18757,"date":"2019-07-31T13:40:40","date_gmt":"2019-07-31T13:40:40","guid":{"rendered":"http:\/\/matildakonfeksion.com\/?page_id=18757"},"modified":"2020-01-28T15:11:49","modified_gmt":"2020-01-28T15:11:49","slug":"rreth-nesh","status":"publish","type":"page","link":"https:\/\/matildakonfeksion.com\/en\/rreth-nesh\/","title":{"rendered":"Rreth nesh"},"content":{"rendered":"<p><\/p>\n<p style=\"background-color: rgba(255, 255, 255, 0.8); text-align: justify; font-size: 14px; font-family: Arial; padding: 10px 10px 20px 10px; color:black \">Me nj\u00eb eksperienc\u00eb prej 19 vitesh n\u00eb tregun e konfeksioneve, Matilda Konfeksion \u00ebsht\u00eb e specializuar n\u00eb prodhimin e uniformave profesionale t\u00eb pun\u00ebs. Kompania jon\u00eb ofron veshje profesionale p\u00ebr: Hoteleri, Bare, Restorante, Sh\u00ebndet\u00ebsin\u00eb, Estetik\u00ebn si dhe p\u00ebr Industrin\u00eb. Ne ofrojm\u00eb nj\u00eb gam\u00eb t\u00eb gjer\u00eb produktesh t\u00eb p\u00ebrshtatura sipas k\u00ebrkesave t\u00eb klient\u00ebve. K\u00ebtu mund t\u00eb p\u00ebrmendim q\u00ebndisjet dhe stampimet me dizenjo kompjuterike, mbulesat e personalizuara, suprina dhe carcaf\u00eb.<br \/>\nMaterialet q\u00eb p\u00ebrdorim jan\u00eb t\u00eb cil\u00ebsis\u00eb s\u00eb par\u00eb, vet\u00ebm n\u00eb k\u00ebt\u00eb m\u00ebnyr\u00eb ne jemi n\u00eb gjendje t\u00eb sigurojm\u00eb \u00a0jet\u00ebgjat\u00ebsin\u00eb e uniformave dhe veshjeve tona t\u00eb pun\u00ebs. T\u00eb gjitha veshjet kan\u00eb nj\u00eb p\u00eblhur\u00eb t\u00eb q\u00ebndrueshme, qepje t\u00eb fort\u00eb si dhe xhepa n\u00eb vendet e duhura. Kjo b\u00ebn q\u00eb uniforma t\u00eb mos jet\u00eb vet\u00ebm e forte por edhe shum\u00eb praktike.<br \/>\nOfrojme korrekt\u00ebsi dhe cil\u00ebsi n\u00eb sh\u00ebrbimet tona. Stafi yn\u00eb kontrollon \u00e7do aspekt t\u00eb prodhimit, q\u00eb nga zgjedhja e materialeve t\u00eb duhura e deri tek mbyllja e porosive. Ne e dim\u00eb q\u00eb \u00e7do porosi q\u00eb dor\u00ebzojm\u00eb e b\u00ebn reputacionin ton\u00eb t\u00eb ulet ose t\u00eb ngrihet. Prandaj puna dhe proceset tona shkojn\u00eb shum\u00eb m\u00eb larg sesa norma. Ne investojm\u00eb koh\u00eb dhe p\u00ebrkushtim q\u00eb t\u00eb sigurohemi q\u00eb n\u00eb procesin e prodhimit dhe t\u00eb qepjes t\u00eb mos ket\u00eb rrug\u00eb t\u00eb shkurt\u00ebra. N\u00eb k\u00ebt\u00eb m\u00ebnyr\u00eb kontrolli i cil\u00ebsis\u00eb b\u00ebhet plot\u00ebsisht.<\/p>\n<p><\/p>","protected":false},"excerpt":{"rendered":"<p>&#8230;<\/p>\n","protected":false},"author":1,"featured_media":0,"parent":0,"menu_order":0,"comment_status":"closed","ping_status":"closed","template":"","meta":{"footnotes":""},"class_list":["post-18757","page","type-page","status-publish","hentry"],"_links":{"self":[{"href":"https:\/\/matildakonfeksion.com\/en\/wp-json\/wp\/v2\/pages\/18757"}],"collection":[{"href":"https:\/\/matildakonfeksion.com\/en\/wp-json\/wp\/v2\/pages"}],"about":[{"href":"https:\/\/matildakonfeksion.com\/en\/wp-json\/wp\/v2\/types\/page"}],"author":[{"embeddable":true,"href":"https:\/\/matildakonfeksion.com\/en\/wp-json\/wp\/v2\/users\/1"}],"replies":[{"embeddable":true,"href":"https:\/\/matildakonfeksion.com\/en\/wp-json\/wp\/v2\/comments?post=18757"}],"version-history":[{"count":22,"href":"https:\/\/matildakonfeksion.com\/en\/wp-json\/wp\/v2\/pages\/18757\/revisions"}],"predecessor-version":[{"id":19074,"href":"https:\/\/matildakonfeksion.com\/en\/wp-json\/wp\/v2\/pages\/18757\/revisions\/19074"}],"wp:attachment":[{"href":"https:\/\/matildakonfeksion.com\/en\/wp-json\/wp\/v2\/media?parent=18757"}],"curies":[{"name":"wp","href":"https:\/\/api.w.org\/{rel}","templated":true}]}}